{"id":196,"date":"2024-05-23T10:05:37","date_gmt":"2024-05-23T08:05:37","guid":{"rendered":"https:\/\/terraeck.simplicate.de\/?page_id=196"},"modified":"2026-01-28T17:49:26","modified_gmt":"2026-01-28T16:49:26","slug":"reptilien","status":"publish","type":"page","link":"https:\/\/terra-eck.de\/?page_id=196","title":{"rendered":"Tierbestand"},"content":{"rendered":"<p>[et_pb_section fb_built=&#8220;1&#8243; _builder_version=&#8220;4.27.5&#8243; _module_preset=&#8220;default&#8220; background_color=&#8220;gcid-heading-color&#8220; hover_enabled=&#8220;0&#8243; global_colors_info=&#8220;{%22gcid-heading-color%22:%91%22background_color%22%93}&#8220; global_module=&#8220;641&#8243; theme_builder_area=&#8220;post_content&#8220; custom_padding=&#8220;12px||12px||false|false&#8220; sticky_enabled=&#8220;0&#8243;][et_pb_row _builder_version=&#8220;4.27.5&#8243; _module_preset=&#8220;default&#8220; global_colors_info=&#8220;{}&#8220; theme_builder_area=&#8220;post_content&#8220;][et_pb_column type=&#8220;4_4&#8243; _builder_version=&#8220;4.27.5&#8243; _module_preset=&#8220;default&#8220; global_colors_info=&#8220;{}&#8220; theme_builder_area=&#8220;post_content&#8220;][et_pb_text _builder_version=&#8220;4.27.5&#8243; _module_preset=&#8220;default&#8220; header_2_font=&#8220;|||on|||||&#8220; header_2_text_align=&#8220;center&#8220; header_2_text_color=&#8220;#000000&#8243; header_2_font_size=&#8220;42px&#8220; header_3_font=&#8220;||||||||&#8220; header_3_text_align=&#8220;center&#8220; header_3_text_color=&#8220;#000000&#8243; global_colors_info=&#8220;{}&#8220; theme_builder_area=&#8220;post_content&#8220;]<\/p>\n<h2>Bitte beachten<\/h2>\n<p>[\/et_pb_text][et_pb_text _builder_version=&#8220;4.27.5&#8243; _module_preset=&#8220;default&#8220; header_2_font=&#8220;|||on|||||&#8220; header_2_text_align=&#8220;center&#8220; header_2_text_color=&#8220;#000000&#8243; header_2_font_size=&#8220;42px&#8220; header_3_font=&#8220;||||||||&#8220; header_3_text_align=&#8220;center&#8220; header_3_text_color=&#8220;#000000&#8243; global_colors_info=&#8220;{}&#8220; theme_builder_area=&#8220;post_content&#8220;]<\/p>\n<h3>Momentan ist aufgrund der Witterungsverh\u00e4ltnisse kein Tierversand m\u00f6glich!<\/h3>\n<p>[\/et_pb_text][\/et_pb_column][\/et_pb_row][\/et_pb_section][et_pb_section fb_built=&#8220;1&#8243; _builder_version=&#8220;4.25.1&#8243; _module_preset=&#8220;default&#8220; background_color=&#8220;#306837&#8243; global_colors_info=&#8220;{}&#8220;][et_pb_row _builder_version=&#8220;4.25.1&#8243; _module_preset=&#8220;default&#8220; global_colors_info=&#8220;{}&#8220;][et_pb_column type=&#8220;4_4&#8243; _builder_version=&#8220;4.25.1&#8243; _module_preset=&#8220;default&#8220; global_colors_info=&#8220;{}&#8220;][et_pb_text _builder_version=&#8220;4.25.1&#8243; _module_preset=&#8220;default&#8220; header_text_align=&#8220;center&#8220; header_font_size=&#8220;48px&#8220; global_colors_info=&#8220;{}&#8220;]<\/p>\n<h1>Unser Tierbestand<\/h1>\n<p>[\/et_pb_text][\/et_pb_column][\/et_pb_row][et_pb_row module_class=&#8220;schlangen&#8220; _builder_version=&#8220;4.25.1&#8243; _module_preset=&#8220;default&#8220; global_colors_info=&#8220;{}&#8220;][et_pb_column type=&#8220;4_4&#8243; _builder_version=&#8220;4.25.1&#8243; _module_preset=&#8220;default&#8220; global_colors_info=&#8220;{}&#8220;][et_pb_text _builder_version=&#8220;4.25.1&#8243; _module_preset=&#8220;default&#8220; header_2_text_align=&#8220;center&#8220; header_2_font_size=&#8220;30px&#8220; global_colors_info=&#8220;{}&#8220;]<\/p>\n<h2>Schlangen<\/h2>\n<p>[\/et_pb_text][et_pb_shop type=&#8220;product_category&#8220; include_categories=&#8220;34&#8243; _builder_version=&#8220;4.25.1&#8243; _module_preset=&#8220;default&#8220; price_text_color=&#8220;#FFFFFF&#8220; custom_css_free_form=&#8220;selector p {color: #fff;}&#8220; border_width_bottom=&#8220;1px&#8220; border_color_bottom=&#8220;#afe982&#8243; border_style_bottom=&#8220;dashed&#8220; global_colors_info=&#8220;{}&#8220;][\/et_pb_shop][\/et_pb_column][\/et_pb_row][et_pb_row module_class=&#8220;geckos&#8220; _builder_version=&#8220;4.25.1&#8243; _module_preset=&#8220;default&#8220; custom_css_free_form=&#8220;selector p {color: #fff;}&#8220; global_colors_info=&#8220;{}&#8220;][et_pb_column type=&#8220;4_4&#8243; _builder_version=&#8220;4.25.1&#8243; _module_preset=&#8220;default&#8220; global_colors_info=&#8220;{}&#8220;][et_pb_text _builder_version=&#8220;4.25.1&#8243; _module_preset=&#8220;default&#8220; header_2_text_align=&#8220;center&#8220; header_2_font_size=&#8220;30px&#8220; global_colors_info=&#8220;{}&#8220;]<\/p>\n<h2>Geckos<\/h2>\n<p>[\/et_pb_text][et_pb_shop type=&#8220;product_category&#8220; include_categories=&#8220;52&#8243; _builder_version=&#8220;4.25.1&#8243; _module_preset=&#8220;default&#8220; price_text_color=&#8220;#FFFFFF&#8220; border_width_bottom=&#8220;1px&#8220; border_color_bottom=&#8220;#afe982&#8243; border_style_bottom=&#8220;dashed&#8220; global_colors_info=&#8220;{}&#8220;][\/et_pb_shop][\/et_pb_column][\/et_pb_row][et_pb_row module_class=&#8220;echsen&#8220; _builder_version=&#8220;4.25.1&#8243; _module_preset=&#8220;default&#8220; custom_css_free_form=&#8220;selector p {color: #fff;}&#8220; global_colors_info=&#8220;{}&#8220;][et_pb_column type=&#8220;4_4&#8243; _builder_version=&#8220;4.25.1&#8243; _module_preset=&#8220;default&#8220; global_colors_info=&#8220;{}&#8220;][et_pb_text _builder_version=&#8220;4.25.1&#8243; _module_preset=&#8220;default&#8220; header_2_text_align=&#8220;center&#8220; header_2_font_size=&#8220;30px&#8220; global_colors_info=&#8220;{}&#8220;]<\/p>\n<h2>Echsen<\/h2>\n<p>[\/et_pb_text][et_pb_shop type=&#8220;product_category&#8220; include_categories=&#8220;42&#8243; _builder_version=&#8220;4.25.1&#8243; _module_preset=&#8220;default&#8220; price_text_color=&#8220;#FFFFFF&#8220; border_width_bottom=&#8220;1px&#8220; border_color_bottom=&#8220;#afe982&#8243; border_style_bottom=&#8220;dashed&#8220; global_colors_info=&#8220;{}&#8220;][\/et_pb_shop][\/et_pb_column][\/et_pb_row][et_pb_row module_class=&#8220;schildkroeten&#8220; _builder_version=&#8220;4.25.1&#8243; _module_preset=&#8220;default&#8220; global_colors_info=&#8220;{}&#8220;][et_pb_column type=&#8220;4_4&#8243; _builder_version=&#8220;4.25.1&#8243; _module_preset=&#8220;default&#8220; global_colors_info=&#8220;{}&#8220;][et_pb_text _builder_version=&#8220;4.25.1&#8243; _module_preset=&#8220;default&#8220; header_2_text_align=&#8220;center&#8220; header_2_font_size=&#8220;30px&#8220; global_colors_info=&#8220;{}&#8220;]<\/p>\n<h2>Schildkr\u00f6ten<\/h2>\n<p>[\/et_pb_text][et_pb_shop type=&#8220;product_category&#8220; include_categories=&#8220;48&#8243; _builder_version=&#8220;4.25.1&#8243; _module_preset=&#8220;default&#8220; price_text_color=&#8220;#FFFFFF&#8220; custom_css_free_form=&#8220;selector p {color: #fff;}&#8220; border_width_bottom=&#8220;1px&#8220; border_color_bottom=&#8220;#afe982&#8243; border_style_bottom=&#8220;dashed&#8220; global_colors_info=&#8220;{}&#8220;][\/et_pb_shop][\/et_pb_column][\/et_pb_row][et_pb_row module_class=&#8220;amphibien&#8220; _builder_version=&#8220;4.25.1&#8243; _module_preset=&#8220;default&#8220; global_colors_info=&#8220;{}&#8220;][et_pb_column type=&#8220;4_4&#8243; _builder_version=&#8220;4.25.1&#8243; _module_preset=&#8220;default&#8220; global_colors_info=&#8220;{}&#8220;][et_pb_text _builder_version=&#8220;4.25.1&#8243; _module_preset=&#8220;default&#8220; header_2_text_align=&#8220;center&#8220; header_2_font_size=&#8220;30px&#8220; global_colors_info=&#8220;{}&#8220;]<\/p>\n<h2>Amphibien<\/h2>\n<p>[\/et_pb_text][et_pb_shop type=&#8220;product_category&#8220; include_categories=&#8220;44&#8243; _builder_version=&#8220;4.25.1&#8243; _module_preset=&#8220;default&#8220; price_text_color=&#8220;#FFFFFF&#8220; custom_css_free_form=&#8220;selector p {color: #fff;}&#8220; border_width_bottom=&#8220;1px&#8220; border_color_bottom=&#8220;#afe982&#8243; border_style_bottom=&#8220;dashed&#8220; global_colors_info=&#8220;{}&#8220;][\/et_pb_shop][\/et_pb_column][\/et_pb_row][et_pb_row module_class=&#8220;vogelspinnen&#8220; _builder_version=&#8220;4.25.1&#8243; _module_preset=&#8220;default&#8220; custom_css_free_form=&#8220;selector p {color: #fff;}&#8220; global_colors_info=&#8220;{}&#8220;][et_pb_column type=&#8220;4_4&#8243; _builder_version=&#8220;4.25.1&#8243; _module_preset=&#8220;default&#8220; global_colors_info=&#8220;{}&#8220;][et_pb_text _builder_version=&#8220;4.25.1&#8243; _module_preset=&#8220;default&#8220; header_2_text_align=&#8220;center&#8220; header_2_font_size=&#8220;30px&#8220; global_colors_info=&#8220;{}&#8220;]<\/p>\n<h2>Vogelspinnen<\/h2>\n<p>[\/et_pb_text][et_pb_shop type=&#8220;product_category&#8220; include_categories=&#8220;53&#8243; _builder_version=&#8220;4.25.1&#8243; _module_preset=&#8220;default&#8220; price_text_color=&#8220;#FFFFFF&#8220; border_width_bottom=&#8220;1px&#8220; border_color_bottom=&#8220;#afe982&#8243; border_style_bottom=&#8220;dashed&#8220; global_colors_info=&#8220;{}&#8220;][\/et_pb_shop][\/et_pb_column][\/et_pb_row][et_pb_row module_class=&#8220;sonstige&#8220; _builder_version=&#8220;4.25.1&#8243; _module_preset=&#8220;default&#8220; custom_css_free_form=&#8220;selector p {color: #fff;}&#8220; global_colors_info=&#8220;{}&#8220;][et_pb_column type=&#8220;4_4&#8243; _builder_version=&#8220;4.25.1&#8243; _module_preset=&#8220;default&#8220; global_colors_info=&#8220;{}&#8220;][et_pb_text _builder_version=&#8220;4.25.1&#8243; _module_preset=&#8220;default&#8220; header_2_text_align=&#8220;center&#8220; header_2_font_size=&#8220;30px&#8220; global_colors_info=&#8220;{}&#8220;]<\/p>\n<h2>Sonstige Tiere<\/h2>\n<p>[\/et_pb_text][et_pb_shop type=&#8220;product_category&#8220; include_categories=&#8220;54&#8243; _builder_version=&#8220;4.25.1&#8243; _module_preset=&#8220;default&#8220; price_text_color=&#8220;#FFFFFF&#8220; border_width_bottom=&#8220;1px&#8220; border_color_bottom=&#8220;#afe982&#8243; border_style_bottom=&#8220;dashed&#8220; global_colors_info=&#8220;{}&#8220;][\/et_pb_shop][\/et_pb_column][\/et_pb_row][\/et_pb_section][et_pb_section fb_built=&#8220;1&#8243; _builder_version=&#8220;4.25.1&#8243; _module_preset=&#8220;default&#8220; background_color=&#8220;#222222&#8243; global_module=&#8220;222&#8243; saved_tabs=&#8220;all&#8220; locked=&#8220;off&#8220; global_colors_info=&#8220;{}&#8220;][et_pb_row column_structure=&#8220;1_3,1_3,1_3&#8243; _builder_version=&#8220;4.25.1&#8243; _module_preset=&#8220;default&#8220; global_colors_info=&#8220;{}&#8220;][et_pb_column type=&#8220;1_3&#8243; _builder_version=&#8220;4.25.1&#8243; _module_preset=&#8220;default&#8220; global_colors_info=&#8220;{}&#8220;][et_pb_text _builder_version=&#8220;4.27.0&#8243; _module_preset=&#8220;default&#8220; text_text_color=&#8220;#FFFFFF&#8220; global_colors_info=&#8220;{}&#8220;]<\/p>\n<h3 class=\"wp-block-heading\">Terra-Eck<\/h3>\n<p>Inh. Melanie Scheurle-Nitschmann<br \/>\nTimo Scheurle<br \/>\nHeimensteinstra\u00dfe 5<br \/>\n73230 Kirchheim unter Teck<br \/>\n<tcxspan tcxhref=\"+491728035301\" title=\"Call +491728035301 via 3CX\">+491728035301<\/tcxspan><br \/>\n<a href=\"mailto:terra.eck@gmx.de\" target=\"_top\" rel=\"noopener\">terra.eck@gmx.de<\/a>[\/et_pb_text][\/et_pb_column][et_pb_column type=&#8220;1_3&#8243; _builder_version=&#8220;4.25.1&#8243; _module_preset=&#8220;default&#8220; global_colors_info=&#8220;{}&#8220;][et_pb_text _builder_version=&#8220;4.25.1&#8243; _module_preset=&#8220;default&#8220; text_text_color=&#8220;#FFFFFF&#8220; global_colors_info=&#8220;{}&#8220;]<\/p>\n<h3 class=\"wp-block-heading\">\u00d6ffnungszeiten<\/h3>\n<p class=\"wp-block-heading\">Mo. 15:00- 19:00 Uhr<br \/>Mi. 15:00 &#8211; 19:00 Uhr<br \/>Do. 15:00 &#8211; 19:00 Uhr<br \/>Fr. 15:00 &#8211; 19:00 Uhr<br \/>Sa. 10:00 &#8211; 14:00 Uhr<\/p>\n<p class=\"wp-block-heading\">und nach Vereinbarung<\/p>\n<p>[\/et_pb_text][\/et_pb_column][et_pb_column type=&#8220;1_3&#8243; _builder_version=&#8220;4.25.1&#8243; _module_preset=&#8220;default&#8220; global_colors_info=&#8220;{}&#8220;][et_pb_text _builder_version=&#8220;4.27.0&#8243; _module_preset=&#8220;default&#8220; text_text_color=&#8220;#FFFFFF&#8220; custom_css_free_form=&#8220;selector a {color: #fff;}||selector a:hover {color: #afe982;}&#8220; global_colors_info=&#8220;{}&#8220;]<\/p>\n<h3 class=\"title\">Informationen<\/h3>\n<div class=\"menu-footer-de-container\">\n<ul id=\"menu-footer-de\" class=\"menu\">\n<li class=\"menu-item menu-item-type-post_type menu-item-object-page menu-item-113\"><a href=\"https:\/\/terra-eck.de\/?page_id=14\" rel=\"noopener\">Impressum<\/a><\/li>\n<li id=\"menu-item-113\" class=\"menu-item menu-item-type-post_type menu-item-object-page menu-item-113\"><a href=\"https:\/\/terra-eck.de\/?page_id=16\" target=\"_top\" rel=\"noopener\">AGB<\/a><\/li>\n<li id=\"menu-item-110\" class=\"menu-item menu-item-type-post_type menu-item-object-page menu-item-110\"><a href=\"https:\/\/terra-eck.de\/?page_id=19\" target=\"_top\" rel=\"noopener\">Zahlungsarten<\/a><\/li>\n<li id=\"menu-item-111\" class=\"menu-item menu-item-type-post_type menu-item-object-page menu-item-111\"><a href=\"https:\/\/terra-eck.de\/?page_id=18\" target=\"_top\" rel=\"noopener\">Versandarten<\/a><\/li>\n<li id=\"menu-item-112\" class=\"menu-item menu-item-type-post_type menu-item-object-page menu-item-112\"><a href=\"https:\/\/terra-eck.de\/?page_id=17\" target=\"_top\" rel=\"noopener\">Widerrufsbelehrung<\/a><\/li>\n<\/ul>\n<\/div>\n<p>&nbsp;[\/et_pb_text][\/et_pb_column][\/et_pb_row][\/et_pb_section]<\/p>\n","protected":false},"excerpt":{"rendered":"<p>Bitte beachtenMomentan ist aufgrund der Witterungsverh\u00e4ltnisse kein Tierversand m\u00f6glich!Unser TierbestandSchlangenGeckosEchsenSchildkr\u00f6tenAmphibienVogelspinnenSonstige TiereTerra-Eck Inh. Melanie Scheurle-Nitschmann Timo Scheurle Heimensteinstra\u00dfe 5 73230 Kirchheim unter Teck +491728035301 terra.eck@gmx.de\u00d6ffnungszeiten Mo. 15:00- 19:00 UhrMi. 15:00 &#8211; 19:00 UhrDo. 15:00 &#8211; 19:00 UhrFr. 15:00 &#8211; 19:00 UhrSa. 10:00 &#8211; 14:00 Uhr und nach VereinbarungInformationen Impressum AGB Zahlungsarten Versandarten Widerrufsbelehrung &nbsp;<\/p>\n","protected":false},"author":1,"featured_media":0,"parent":0,"menu_order":0,"comment_status":"closed","ping_status":"closed","template":"","meta":{"_et_pb_use_builder":"on","_et_pb_old_content":"","_et_gb_content_width":"","footnotes":""},"class_list":["post-196","page","type-page","status-publish","hentry"],"_links":{"self":[{"href":"https:\/\/terra-eck.de\/index.php?rest_route=\/wp\/v2\/pages\/196","targetHints":{"allow":["GET"]}}],"collection":[{"href":"https:\/\/terra-eck.de\/index.php?rest_route=\/wp\/v2\/pages"}],"about":[{"href":"https:\/\/terra-eck.de\/index.php?rest_route=\/wp\/v2\/types\/page"}],"author":[{"embeddable":true,"href":"https:\/\/terra-eck.de\/index.php?rest_route=\/wp\/v2\/users\/1"}],"replies":[{"embeddable":true,"href":"https:\/\/terra-eck.de\/index.php?rest_route=%2Fwp%2Fv2%2Fcomments&post=196"}],"version-history":[{"count":16,"href":"https:\/\/terra-eck.de\/index.php?rest_route=\/wp\/v2\/pages\/196\/revisions"}],"predecessor-version":[{"id":645,"href":"https:\/\/terra-eck.de\/index.php?rest_route=\/wp\/v2\/pages\/196\/revisions\/645"}],"wp:attachment":[{"href":"https:\/\/terra-eck.de\/index.php?rest_route=%2Fwp%2Fv2%2Fmedia&parent=196"}],"curies":[{"name":"wp","href":"https:\/\/api.w.org\/{rel}","templated":true}]}}