{"id":137,"date":"2024-05-22T14:30:03","date_gmt":"2024-05-22T12:30:03","guid":{"rendered":"https:\/\/terraeck.simplicate.de\/?post_type=product&#038;p=137"},"modified":"2026-02-12T14:14:23","modified_gmt":"2026-02-12T13:14:23","slug":"korallenfinger-laubfrosch-litoria-caerulea","status":"publish","type":"product","link":"https:\/\/terra-eck.de\/?product=korallenfinger-laubfrosch-litoria-caerulea","title":{"rendered":"Korallenfinger-Laubfrosch [Litoria caerulea]"},"content":{"rendered":"<p>[et_pb_section fb_built=&#8220;1&#8243; _builder_version=&#8220;4.16&#8243; custom_padding=&#8220;0px||||false|false&#8220; global_colors_info=&#8220;{}&#8220;][et_pb_row _builder_version=&#8220;4.16&#8243; background_size=&#8220;initial&#8220; background_position=&#8220;top_left&#8220; background_repeat=&#8220;repeat&#8220; width=&#8220;100%&#8220; custom_padding=&#8220;0px||0px||false|false&#8220; global_colors_info=&#8220;{}&#8220;][et_pb_column type=&#8220;4_4&#8243; _builder_version=&#8220;4.16&#8243; custom_padding=&#8220;|||&#8220; global_colors_info=&#8220;{}&#8220; custom_padding__hover=&#8220;|||&#8220;][et_pb_wc_breadcrumb _builder_version=&#8220;4.16&#8243; global_colors_info=&#8220;{}&#8220;][\/et_pb_wc_breadcrumb][et_pb_wc_cart_notice _builder_version=&#8220;4.16&#8243; global_colors_info=&#8220;{}&#8220;][\/et_pb_wc_cart_notice][\/et_pb_column][\/et_pb_row][et_pb_row column_structure=&#8220;1_2,1_2&#8243; _builder_version=&#8220;4.16&#8243; background_size=&#8220;initial&#8220; background_position=&#8220;top_left&#8220; background_repeat=&#8220;repeat&#8220; width=&#8220;100%&#8220; custom_padding=&#8220;0px||||false|false&#8220; global_colors_info=&#8220;{}&#8220;][et_pb_column type=&#8220;1_2&#8243; _builder_version=&#8220;4.16&#8243; custom_padding=&#8220;|||&#8220; global_colors_info=&#8220;{}&#8220; custom_padding__hover=&#8220;|||&#8220;][et_pb_wc_images _builder_version=&#8220;4.16&#8243; global_colors_info=&#8220;{}&#8220;][\/et_pb_wc_images][et_pb_text _builder_version=&#8220;4.25.1&#8243; _module_preset=&#8220;default&#8220; text_text_color=&#8220;#8F8F8F&#8220; text_font_size=&#8220;12px&#8220; global_module=&#8220;142&#8243; saved_tabs=&#8220;all&#8220; global_colors_info=&#8220;{}&#8220;]<\/p>\n<p>Foto: Symbolbild<\/p>\n<p>[\/et_pb_text][\/et_pb_column][et_pb_column type=&#8220;1_2&#8243; _builder_version=&#8220;4.16&#8243; custom_padding=&#8220;|||&#8220; global_colors_info=&#8220;{}&#8220; custom_padding__hover=&#8220;|||&#8220;][et_pb_wc_title _builder_version=&#8220;4.16&#8243; global_colors_info=&#8220;{}&#8220;][\/et_pb_wc_title][et_pb_wc_rating _builder_version=&#8220;4.27.4&#8243; global_colors_info=&#8220;{}&#8220;][\/et_pb_wc_rating][et_pb_wc_price _builder_version=&#8220;4.16&#8243; global_colors_info=&#8220;{}&#8220;][\/et_pb_wc_price][et_pb_wc_description _builder_version=&#8220;4.16&#8243; global_colors_info=&#8220;{}&#8220;][\/et_pb_wc_description][et_pb_wc_add_to_cart _builder_version=&#8220;4.16&#8243; global_colors_info=&#8220;{}&#8220;][\/et_pb_wc_add_to_cart][et_pb_wc_meta _builder_version=&#8220;4.16&#8243; global_colors_info=&#8220;{}&#8220;][\/et_pb_wc_meta][\/et_pb_column][\/et_pb_row][et_pb_row _builder_version=&#8220;4.16&#8243; background_size=&#8220;initial&#8220; background_position=&#8220;top_left&#8220; background_repeat=&#8220;repeat&#8220; width=&#8220;100%&#8220; global_colors_info=&#8220;{}&#8220;][et_pb_column type=&#8220;4_4&#8243; _builder_version=&#8220;4.16&#8243; custom_padding=&#8220;|||&#8220; global_colors_info=&#8220;{}&#8220; custom_padding__hover=&#8220;|||&#8220;][et_pb_wc_tabs include_tabs=&#8220;description|&#8220; _builder_version=&#8220;4.25.1&#8243; global_colors_info=&#8220;{}&#8220;]\t\t\t\t\t[\/et_pb_wc_tabs][et_pb_wc_upsells _builder_version=&#8220;4.16&#8243; global_colors_info=&#8220;{}&#8220;][\/et_pb_wc_upsells][et_pb_wc_related_products _builder_version=&#8220;4.16&#8243; global_colors_info=&#8220;{}&#8220;][\/et_pb_wc_related_products][\/et_pb_column][\/et_pb_row][\/et_pb_section]<\/p>\n","protected":false},"excerpt":{"rendered":"<p>Foto: Symbolbild<\/p>\n","protected":false},"featured_media":141,"template":"","meta":{"_et_pb_use_builder":"on","_et_pb_old_content":"Name: Korallenfinger-Laubfrosch [Litoria caerulea]\r\nHerkunft: Australien\r\nGr\u00f6\u00dfe: 10-12 cm\r\nErn\u00e4hrung: Insekten\r\nAktivit\u00e4tszeiten: Nachtaktiv\r\nHaltung: Das Terrarium sollte h\u00f6her als breit sein und mindestens die Ma\u00dfe 60 x 60 x 100 cm aufweisen. Er ben\u00f6tigt Temperaturen von 23-28 Grad Celsius\u00a0und eine Luftfeuchtigkeit von 80%.\r\nEine gro\u00dfz\u00fcgige Badem\u00f6glichkeit darf im Terrarium nicht fehlen. Au\u00dferdem ben\u00f6tigt das Tier viele Kletter- und Versteckm\u00f6glichkeiten.","_et_gb_content_width":""},"product_brand":[],"product_cat":[44],"product_tag":[],"class_list":{"0":"post-137","1":"product","2":"type-product","3":"status-publish","4":"has-post-thumbnail","6":"product_cat-amphibien","7":"product_shipping_class-tiere","9":"first","10":"instock","11":"taxable","12":"shipping-taxable","13":"purchasable","14":"product-type-variable"},"_links":{"self":[{"href":"https:\/\/terra-eck.de\/index.php?rest_route=\/wp\/v2\/product\/137","targetHints":{"allow":["GET"]}}],"collection":[{"href":"https:\/\/terra-eck.de\/index.php?rest_route=\/wp\/v2\/product"}],"about":[{"href":"https:\/\/terra-eck.de\/index.php?rest_route=\/wp\/v2\/types\/product"}],"wp:featuredmedia":[{"embeddable":true,"href":"https:\/\/terra-eck.de\/index.php?rest_route=\/wp\/v2\/media\/141"}],"wp:attachment":[{"href":"https:\/\/terra-eck.de\/index.php?rest_route=%2Fwp%2Fv2%2Fmedia&parent=137"}],"wp:term":[{"taxonomy":"product_brand","embeddable":true,"href":"https:\/\/terra-eck.de\/index.php?rest_route=%2Fwp%2Fv2%2Fproduct_brand&post=137"},{"taxonomy":"product_cat","embeddable":true,"href":"https:\/\/terra-eck.de\/index.php?rest_route=%2Fwp%2Fv2%2Fproduct_cat&post=137"},{"taxonomy":"product_tag","embeddable":true,"href":"https:\/\/terra-eck.de\/index.php?rest_route=%2Fwp%2Fv2%2Fproduct_tag&post=137"}],"curies":[{"name":"wp","href":"https:\/\/api.w.org\/{rel}","templated":true}]}}