{"id":211,"date":"2024-05-23T10:28:49","date_gmt":"2024-05-23T08:28:49","guid":{"rendered":"https:\/\/terraeck.simplicate.de\/?post_type=product&#038;p=211"},"modified":"2025-02-17T16:27:07","modified_gmt":"2025-02-17T15:27:07","slug":"koenigspython-python-regius","status":"publish","type":"product","link":"https:\/\/terra-eck.de\/?product=koenigspython-python-regius","title":{"rendered":"K\u00f6nigspython [Python regius]"},"content":{"rendered":"<p>[et_pb_section fb_built=&#8220;1&#8243; _builder_version=&#8220;4.16&#8243; custom_padding=&#8220;0px||||false|false&#8220; global_colors_info=&#8220;{}&#8220;][et_pb_row _builder_version=&#8220;4.16&#8243; background_size=&#8220;initial&#8220; background_position=&#8220;top_left&#8220; background_repeat=&#8220;repeat&#8220; width=&#8220;100%&#8220; custom_padding=&#8220;0px||0px||false|false&#8220; global_colors_info=&#8220;{}&#8220;][et_pb_column type=&#8220;4_4&#8243; _builder_version=&#8220;4.16&#8243; custom_padding=&#8220;|||&#8220; global_colors_info=&#8220;{}&#8220; custom_padding__hover=&#8220;|||&#8220;][et_pb_wc_breadcrumb _builder_version=&#8220;4.16&#8243; global_colors_info=&#8220;{}&#8220;][\/et_pb_wc_breadcrumb][et_pb_wc_cart_notice _builder_version=&#8220;4.16&#8243; global_colors_info=&#8220;{}&#8220;][\/et_pb_wc_cart_notice][\/et_pb_column][\/et_pb_row][et_pb_row column_structure=&#8220;1_2,1_2&#8243; _builder_version=&#8220;4.16&#8243; background_size=&#8220;initial&#8220; background_position=&#8220;top_left&#8220; background_repeat=&#8220;repeat&#8220; width=&#8220;100%&#8220; custom_padding=&#8220;0px||||false|false&#8220; global_colors_info=&#8220;{}&#8220;][et_pb_column type=&#8220;1_2&#8243; _builder_version=&#8220;4.16&#8243; custom_padding=&#8220;|||&#8220; global_colors_info=&#8220;{}&#8220; custom_padding__hover=&#8220;|||&#8220;][et_pb_wc_images _builder_version=&#8220;4.16&#8243; global_colors_info=&#8220;{}&#8220;][\/et_pb_wc_images][et_pb_text _builder_version=&#8220;4.25.1&#8243; _module_preset=&#8220;default&#8220; text_text_color=&#8220;#8F8F8F&#8220; text_font_size=&#8220;12px&#8220; global_module=&#8220;142&#8243; saved_tabs=&#8220;all&#8220; locked=&#8220;off&#8220; global_colors_info=&#8220;{}&#8220;]<\/p>\n<p>Foto: Symbolbild<\/p>\n<p>[\/et_pb_text][\/et_pb_column][et_pb_column type=&#8220;1_2&#8243; _builder_version=&#8220;4.16&#8243; custom_padding=&#8220;|||&#8220; global_colors_info=&#8220;{}&#8220; custom_padding__hover=&#8220;|||&#8220;][et_pb_wc_title _builder_version=&#8220;4.16&#8243; global_colors_info=&#8220;{}&#8220;][\/et_pb_wc_title][et_pb_wc_rating _builder_version=&#8220;4.16&#8243; global_colors_info=&#8220;{}&#8220;][\/et_pb_wc_rating][et_pb_wc_price _builder_version=&#8220;4.16&#8243; global_colors_info=&#8220;{}&#8220;][\/et_pb_wc_price][et_pb_wc_description _builder_version=&#8220;4.16&#8243; global_colors_info=&#8220;{}&#8220;][\/et_pb_wc_description][et_pb_wc_add_to_cart _builder_version=&#8220;4.16&#8243; global_colors_info=&#8220;{}&#8220;][\/et_pb_wc_add_to_cart][et_pb_wc_meta show_tags=&#8220;off&#8220; _builder_version=&#8220;4.25.1&#8243; global_colors_info=&#8220;{}&#8220;][\/et_pb_wc_meta][\/et_pb_column][\/et_pb_row][et_pb_row _builder_version=&#8220;4.16&#8243; background_size=&#8220;initial&#8220; background_position=&#8220;top_left&#8220; background_repeat=&#8220;repeat&#8220; width=&#8220;100%&#8220; global_colors_info=&#8220;{}&#8220;][et_pb_column type=&#8220;4_4&#8243; _builder_version=&#8220;4.16&#8243; custom_padding=&#8220;|||&#8220; global_colors_info=&#8220;{}&#8220; custom_padding__hover=&#8220;|||&#8220;][et_pb_wc_tabs include_tabs=&#8220;description|&#8220; _builder_version=&#8220;4.25.1&#8243; global_colors_info=&#8220;{}&#8220;]\t\t\t\t\t[\/et_pb_wc_tabs][et_pb_wc_upsells columns_number=&#8220;4&#8243; _builder_version=&#8220;4.25.1&#8243; global_colors_info=&#8220;{}&#8220;][\/et_pb_wc_upsells][\/et_pb_column][\/et_pb_row][\/et_pb_section]<\/p>\n","protected":false},"excerpt":{"rendered":"<p>Foto: Symbolbild<\/p>\n","protected":false},"featured_media":215,"template":"","meta":{"_et_pb_use_builder":"on","_et_pb_old_content":"Name: K\u00f6nigspython [Python regius]\r\nVorkommen: West- und Zentral-Afrika\r\nGr\u00f6\u00dfe: Zwischen 120 und 150 cm, in Ausnahmef\u00e4llen aber bis zu 200 cm\r\nErn\u00e4hrung: Kleinere Nagetiere wie M\u00e4use und Ratten\r\nAktivit\u00e4tszeit: Haupts\u00e4chlich d\u00e4mmerungsaktiv\r\nHaltung: Das Terrarium f\u00fcr die Python sollte ein L\u00e4nge von etwa 120x60x60 cm haben. K\u00f6nigpythons sind relativ ruhige Schlangen, die die meiste Zeit auf dem Boden verbringen. Jungtiere klettern gerne und nehmen \u00c4ste im Terrarium dankend an. Die Temperaturwerte sollten zwischen 27 und 30 Grad Celsius liegen. Die Luftfeuchtigkeit sollte zwischen 65 und 90 % liegen. In den Wintermonaten (Trockenphase) ist eine Luftfeuchtigkeit von 40 % und eine Temperatur von 25 Grad Celsius allerdings ausreichend.","_et_gb_content_width":""},"product_brand":[],"product_cat":[33,34],"product_tag":[35,36],"class_list":{"0":"post-211","1":"product","2":"type-product","3":"status-publish","4":"has-post-thumbnail","6":"product_cat-reptilien","7":"product_cat-schlangen","8":"product_tag-reptilien","9":"product_tag-schlange","10":"product_shipping_class-tiere","12":"first","13":"instock","14":"taxable","15":"shipping-taxable","16":"purchasable","17":"product-type-variable"},"_links":{"self":[{"href":"https:\/\/terra-eck.de\/index.php?rest_route=\/wp\/v2\/product\/211","targetHints":{"allow":["GET"]}}],"collection":[{"href":"https:\/\/terra-eck.de\/index.php?rest_route=\/wp\/v2\/product"}],"about":[{"href":"https:\/\/terra-eck.de\/index.php?rest_route=\/wp\/v2\/types\/product"}],"wp:featuredmedia":[{"embeddable":true,"href":"https:\/\/terra-eck.de\/index.php?rest_route=\/wp\/v2\/media\/215"}],"wp:attachment":[{"href":"https:\/\/terra-eck.de\/index.php?rest_route=%2Fwp%2Fv2%2Fmedia&parent=211"}],"wp:term":[{"taxonomy":"product_brand","embeddable":true,"href":"https:\/\/terra-eck.de\/index.php?rest_route=%2Fwp%2Fv2%2Fproduct_brand&post=211"},{"taxonomy":"product_cat","embeddable":true,"href":"https:\/\/terra-eck.de\/index.php?rest_route=%2Fwp%2Fv2%2Fproduct_cat&post=211"},{"taxonomy":"product_tag","embeddable":true,"href":"https:\/\/terra-eck.de\/index.php?rest_route=%2Fwp%2Fv2%2Fproduct_tag&post=211"}],"curies":[{"name":"wp","href":"https:\/\/api.w.org\/{rel}","templated":true}]}}